{"id":1130,"date":"2017-02-07T14:30:12","date_gmt":"2017-02-07T14:30:12","guid":{"rendered":"http:\/\/demo-import.loc\/?page_id=1130"},"modified":"2017-02-07T14:30:12","modified_gmt":"2017-02-07T14:30:12","slug":"portfolio-grid","status":"publish","type":"page","link":"https:\/\/ipsafrica.org\/?page_id=1130","title":{"rendered":"Portfolio"},"content":{"rendered":"\t\t<div data-elementor-type=\"wp-page\" data-elementor-id=\"1130\" class=\"elementor elementor-1130\">\n\t\t\t\t\t\t\t\t\t<section class=\"elementor-section elementor-top-section elementor-element elementor-element-bbbdb3d elementor-section-boxed elementor-section-height-default elementor-section-height-default\" data-id=\"bbbdb3d\" data-element_type=\"section\" data-settings=\"{&quot;background_background&quot;:&quot;classic&quot;}\">\n\t\t\t\t\t\t<div class=\"elementor-container elementor-column-gap-default\">\n\t\t\t\t\t<div class=\"elementor-column elementor-col-100 elementor-top-column elementor-element elementor-element-bbbe313\" data-id=\"bbbe313\" data-element_type=\"column\">\n\t\t\t<div class=\"elementor-widget-wrap elementor-element-populated\">\n\t\t\t\t\t\t\t\t<div class=\"elementor-element elementor-element-bbbe957 elementor-widget elementor-widget-stm_portfolio\" data-id=\"bbbe957\" data-element_type=\"widget\" data-widget_type=\"stm_portfolio.default\">\n\t\t\t\t<div class=\"elementor-widget-container\">\n\t\t\t\t\t\t<div class=\"consulting_portfolio_box\">\n\t\t\t\t\t\t\t\t<div class=\"consulting_portfolio_grid consulting_elementor_portfolio style_1 hover_slide_on_top_and_bottom\">\n\t\t\t\t\t<div class=\"portfolio_item all default financial-services\">\n\n\t<a href=\"https:\/\/ipsafrica.org\/?stm_portfolio=business-planning-strategy-execution\" class=\"portfolio_link\">\n\t\t<img src='https:\/\/ipsafrica.org\/wp-content\/uploads\/2022\/01\/placeholder.gif' alt='theme_placeholder' \/>\t\t<span class=\"portfolio_info\">\n\t\t\tConflits et s\u00e9curit\u00e9 r\u00e9gionale\t\t\t\t<span class=\"portfolio_category\">Financial Services<\/span>\n\t\t\t\t\t<\/span>\n\t<\/a>\n<\/div>\n<div class=\"portfolio_item all default financial-services\">\n\n\t<a href=\"https:\/\/ipsafrica.org\/?stm_portfolio=beff-baffer-construction\" class=\"portfolio_link\">\n\t\t<img src='https:\/\/ipsafrica.org\/wp-content\/uploads\/2022\/01\/placeholder.gif' alt='theme_placeholder' \/>\t\t<span class=\"portfolio_info\">\n\t\t\tBeff Baffer Construction\t\t\t\t<span class=\"portfolio_category\">Financial Services<\/span>\n\t\t\t\t\t<\/span>\n\t<\/a>\n<\/div>\n<div class=\"portfolio_item all tall surface-transport-logistics\">\n\n\t<a href=\"https:\/\/ipsafrica.org\/?stm_portfolio=focus-on-core-delivers-growth-for-retailer\" class=\"portfolio_link\">\n\t\t<img src='https:\/\/ipsafrica.org\/wp-content\/uploads\/2022\/01\/placeholder.gif' alt='theme_placeholder' \/>\t\t<span class=\"portfolio_info\">\n\t\t\tFocus on core delivers growth for retailer\t\t\t\t<span class=\"portfolio_category\">Surface Transport &amp; Logistics<\/span>\n\t\t\t\t\t<\/span>\n\t<\/a>\n<\/div>\n<div class=\"portfolio_item all wide financial-services\">\n\n\t<a href=\"https:\/\/ipsafrica.org\/?stm_portfolio=omnichannel-strategy-boosts-fashion-company\" class=\"portfolio_link\">\n\t\t<img src='https:\/\/ipsafrica.org\/wp-content\/uploads\/2022\/01\/placeholder.gif' alt='theme_placeholder' \/>\t\t<span class=\"portfolio_info\">\n\t\t\tOmnichannel strategy boosts fashion company\t\t\t\t<span class=\"portfolio_category\">Financial Services<\/span>\n\t\t\t\t\t<\/span>\n\t<\/a>\n<\/div>\n<div class=\"portfolio_item all default advanced-analytics\">\n\n\t<a href=\"https:\/\/ipsafrica.org\/?stm_portfolio=construction-of-railways\" class=\"portfolio_link\">\n\t\t<img src='https:\/\/ipsafrica.org\/wp-content\/uploads\/2022\/01\/placeholder.gif' alt='theme_placeholder' \/>\t\t<span class=\"portfolio_info\">\n\t\t\tConstruction of railways\t\t\t\t<span class=\"portfolio_category\">Advanced Analytics<\/span>\n\t\t\t\t\t<\/span>\n\t<\/a>\n<\/div>\n<div class=\"portfolio_item all default surface-transport-logistics\">\n\n\t<a href=\"https:\/\/ipsafrica.org\/?stm_portfolio=negotiations-with-partners\" class=\"portfolio_link\">\n\t\t<img src='https:\/\/ipsafrica.org\/wp-content\/uploads\/2022\/01\/placeholder.gif' alt='theme_placeholder' \/>\t\t<span class=\"portfolio_info\">\n\t\t\tNegotiations with partners\t\t\t\t<span class=\"portfolio_category\">Surface Transport &amp; Logistics<\/span>\n\t\t\t\t\t<\/span>\n\t<\/a>\n<\/div>\n<div class=\"portfolio_item all default advanced-analytics\">\n\n\t<a href=\"https:\/\/ipsafrica.org\/?stm_portfolio=volker-stevin-construction\" class=\"portfolio_link\">\n\t\t<img src='https:\/\/ipsafrica.org\/wp-content\/uploads\/2022\/01\/placeholder.gif' alt='theme_placeholder' \/>\t\t<span class=\"portfolio_info\">\n\t\t\tVolker Stevin Construction\t\t\t\t<span class=\"portfolio_category\">Advanced Analytics<\/span>\n\t\t\t\t\t<\/span>\n\t<\/a>\n<\/div>\n\t\t\t\t<\/div>\n\t\t\t\t\t\t\t<\/div>\n\t\t\t\t\t<\/div>\n\t\t\t\t<\/div>\n\t\t\t\t\t<\/div>\n\t\t<\/div>\n\t\t\t\t\t\t\t<\/div>\n\t\t<\/section>\n\t\t\t\t<section class=\"elementor-section elementor-top-section elementor-element elementor-element-9fd35a7 third_bg_color elementor-section-stretched elementor-section-boxed elementor-section-height-default elementor-section-height-default\" data-id=\"9fd35a7\" data-element_type=\"section\" data-settings=\"{&quot;background_background&quot;:&quot;classic&quot;,&quot;stretch_section&quot;:&quot;section-stretched&quot;}\">\n\t\t\t\t\t\t<div class=\"elementor-container elementor-column-gap-default\">\n\t\t\t\t\t<div class=\"elementor-column elementor-col-100 elementor-top-column elementor-element elementor-element-fbce04d\" data-id=\"fbce04d\" data-element_type=\"column\">\n\t\t\t<div class=\"elementor-widget-wrap elementor-element-populated\">\n\t\t\t\t\t\t\t\t<div class=\"elementor-element elementor-element-602e420 elementor-widget elementor-widget-vc_cta\" data-id=\"602e420\" data-element_type=\"widget\" data-widget_type=\"vc_cta.default\">\n\t\t\t\t<div class=\"elementor-widget-container\">\n\t\t\t\n<div class=\"ce_cta ce_cta_2662257c371601ef71d821019b74c437 ce_text_left third_bg_color add_button_right btn_align_right btn_button_block_true btn_has_icon btn_has_icon_on_the_right\" id=\"\">\n\t<div class=\"ce_cta__content\">\n\t\t<div class=\"ce_cta__content__header\">\n\t\t\t<h2  class='ce_cta__content__title '>Looking for a First-Class Business Consultant?<\/h2>\t\t<\/div>\n\t\t\t<\/div>\n\n\t\t<div class=\"ce_cta__action\">\n\t\t<a\n\t\t\thref=\"\/contact-us\/\"\n\t\t\t\t\t\ttarget=\"_self\"\n\t\t\tclass=\"button\n\t\t\t\t\t\">\n\t\t\t<span>Contact us<\/span>\n\t\t\t\t\t\t<i class=\" stm-right-arrow\"><\/i>\n\t\t\t\t\t<\/a>\n\t<\/div>\n\t<\/div>\n\t\t<\/div>\n\t\t\t\t<\/div>\n\t\t\t\t\t<\/div>\n\t\t<\/div>\n\t\t\t\t\t\t\t<\/div>\n\t\t<\/section>\n\t\t\t\t\t\t\t<\/div>\n\t\t","protected":false},"excerpt":{"rendered":"<p>Business Planning, Strategy &#038; Execution Financial Services Beff Baffer Construction Financial Services Focus on core delivers growth for retailer Surface Transport &amp; Logistics Omnichannel strategy boosts fashion company Financial Services Construction of railways Advanced Analytics Negotiations with partners Surface Transport &amp; Logistics Volker Stevin Construction Advanced Analytics Looking for a First-Class Business Consultant? Contact us<\/p>\n","protected":false},"author":1,"featured_media":0,"parent":0,"menu_order":0,"comment_status":"closed","ping_status":"closed","template":"","meta":[],"_links":{"self":[{"href":"https:\/\/ipsafrica.org\/index.php?rest_route=\/wp\/v2\/pages\/1130"}],"collection":[{"href":"https:\/\/ipsafrica.org\/index.php?rest_route=\/wp\/v2\/pages"}],"about":[{"href":"https:\/\/ipsafrica.org\/index.php?rest_route=\/wp\/v2\/types\/page"}],"author":[{"embeddable":true,"href":"https:\/\/ipsafrica.org\/index.php?rest_route=\/wp\/v2\/users\/1"}],"replies":[{"embeddable":true,"href":"https:\/\/ipsafrica.org\/index.php?rest_route=%2Fwp%2Fv2%2Fcomments&post=1130"}],"version-history":[{"count":0,"href":"https:\/\/ipsafrica.org\/index.php?rest_route=\/wp\/v2\/pages\/1130\/revisions"}],"wp:attachment":[{"href":"https:\/\/ipsafrica.org\/index.php?rest_route=%2Fwp%2Fv2%2Fmedia&parent=1130"}],"curies":[{"name":"wp","href":"https:\/\/api.w.org\/{rel}","templated":true}]}}