{"id":558,"date":"2016-01-13T17:48:37","date_gmt":"2016-01-13T17:48:37","guid":{"rendered":"http:\/\/demo-import.loc\/?page_id=558"},"modified":"2023-05-05T23:39:04","modified_gmt":"2023-05-05T23:39:04","slug":"seminaires","status":"publish","type":"page","link":"https:\/\/ipsafrica.org\/?page_id=558","title":{"rendered":"S\u00e9minaires"},"content":{"rendered":"\t\t<div data-elementor-type=\"wp-page\" data-elementor-id=\"558\" class=\"elementor elementor-558\">\n\t\t\t\t\t\t\t\t\t<section class=\"elementor-section elementor-top-section elementor-element elementor-element-8391c6a elementor-section-boxed elementor-section-height-default elementor-section-height-default\" data-id=\"8391c6a\" data-element_type=\"section\" data-settings=\"{&quot;background_background&quot;:&quot;classic&quot;}\">\n\t\t\t\t\t\t<div class=\"elementor-container elementor-column-gap-default\">\n\t\t\t\t\t<div class=\"elementor-column elementor-col-100 elementor-top-column elementor-element elementor-element-8392476\" data-id=\"8392476\" data-element_type=\"column\">\n\t\t\t<div class=\"elementor-widget-wrap elementor-element-populated\">\n\t\t\t\t\t\t\t\t<div class=\"elementor-element elementor-element-8392ae9 elementor-widget elementor-widget-stm_services\" data-id=\"8392ae9\" data-element_type=\"widget\" data-widget_type=\"stm_services.default\">\n\t\t\t\t<div class=\"elementor-widget-container\">\n\t\t\t\n\n    <div class=\"stm_services consulting_elementor_services style_1 cols_3\">\n                    <div class=\"item\">\n                <div class=\"item_wr\">\n                                            \n                        <div class=\"item_thumbnail\">\n                            <a href=\"https:\/\/ipsafrica.org\/?stm_service=opportunities-solutions\">\n                                <img src='https:\/\/ipsafrica.org\/wp-content\/uploads\/2022\/01\/placeholder-255x182.gif' alt='theme_placeholder' \/>                            <\/a>\n                                                    <\/div>\n                                                            <div class=\"content\" >\n                                                    <h5><a href=\"https:\/\/ipsafrica.org\/?stm_service=opportunities-solutions\"  >Opportunities &#038; Solutions<\/a><\/h5>\n                                                                                                    <p>The effort vastly improved the company\u2019s planning and execution functions, they knew that in order to succeed in this era of technology<\/p>\n                                                                            <a class=\"read_more\"\n                               href=\"https:\/\/ipsafrica.org\/?stm_service=opportunities-solutions\" >\n                                <span>Lire plus<\/span>\n                                <i class=\"fa fa-chevron-right\"><\/i>\n                            <\/a>\n                                            <\/div>\n                <\/div>\n            <\/div>\n                    <div class=\"item\">\n                <div class=\"item_wr\">\n                                            \n                        <div class=\"item_thumbnail\">\n                            <a href=\"https:\/\/ipsafrica.org\/?stm_service=business-services-consulting\">\n                                <img src='https:\/\/ipsafrica.org\/wp-content\/uploads\/2022\/01\/placeholder-255x182.gif' alt='theme_placeholder' \/>                            <\/a>\n                                                    <\/div>\n                                                            <div class=\"content\" >\n                                                    <h5><a href=\"https:\/\/ipsafrica.org\/?stm_service=business-services-consulting\"  >Business Services Consulting<\/a><\/h5>\n                                                                                                    <p>Companies dislike the term \u2018turnaround consulting\u2019 because it represents failure. The truth is that turnaround consulting represents success.<\/p>\n                                                                            <a class=\"read_more\"\n                               href=\"https:\/\/ipsafrica.org\/?stm_service=business-services-consulting\" >\n                                <span>Lire plus<\/span>\n                                <i class=\"fa fa-chevron-right\"><\/i>\n                            <\/a>\n                                            <\/div>\n                <\/div>\n            <\/div>\n                    <div class=\"item\">\n                <div class=\"item_wr\">\n                                            \n                        <div class=\"item_thumbnail\">\n                            <a href=\"https:\/\/ipsafrica.org\/?stm_service=bonds-commodities\">\n                                <img src='https:\/\/ipsafrica.org\/wp-content\/uploads\/2022\/01\/placeholder-255x182.gif' alt='theme_placeholder' \/>                            <\/a>\n                                                    <\/div>\n                                                            <div class=\"content\" >\n                                                    <h5><a href=\"https:\/\/ipsafrica.org\/?stm_service=bonds-commodities\"  >Bonds &#038; Commodities<\/a><\/h5>\n                                                                                                    <p>Bonds and commodities are much more stable than stocks and trades. We allow our clients to invest in the right bonds &#038; commodities.<\/p>\n                                                                            <a class=\"read_more\"\n                               href=\"https:\/\/ipsafrica.org\/?stm_service=bonds-commodities\" >\n                                <span>Lire plus<\/span>\n                                <i class=\"fa fa-chevron-right\"><\/i>\n                            <\/a>\n                                            <\/div>\n                <\/div>\n            <\/div>\n                    <div class=\"item\">\n                <div class=\"item_wr\">\n                                            \n                        <div class=\"item_thumbnail\">\n                            <a href=\"https:\/\/ipsafrica.org\/?stm_service=audit-assurance\">\n                                <img src='https:\/\/ipsafrica.org\/wp-content\/uploads\/2022\/01\/placeholder-255x182.gif' alt='theme_placeholder' \/>                            <\/a>\n                                                    <\/div>\n                                                            <div class=\"content\" >\n                                                    <h5><a href=\"https:\/\/ipsafrica.org\/?stm_service=audit-assurance\"  >Personal Advice<\/a><\/h5>\n                                                                                                    <p>Audit and assurance is all about meticulous data analysis. Everything needs to be checked, double checked, and triple checked.<\/p>\n                                                                            <a class=\"read_more\"\n                               href=\"https:\/\/ipsafrica.org\/?stm_service=audit-assurance\" >\n                                <span>Lire plus<\/span>\n                                <i class=\"fa fa-chevron-right\"><\/i>\n                            <\/a>\n                                            <\/div>\n                <\/div>\n            <\/div>\n                    <div class=\"item\">\n                <div class=\"item_wr\">\n                                            \n                        <div class=\"item_thumbnail\">\n                            <a href=\"https:\/\/ipsafrica.org\/?stm_service=trades-stocks\">\n                                <img src='https:\/\/ipsafrica.org\/wp-content\/uploads\/2022\/01\/placeholder-255x182.gif' alt='theme_placeholder' \/>                            <\/a>\n                                                    <\/div>\n                                                            <div class=\"content\" >\n                                                    <h5><a href=\"https:\/\/ipsafrica.org\/?stm_service=trades-stocks\"  >Trades &amp; Stocks<\/a><\/h5>\n                                                                                                    <p>This allows us to specialize in all dimensions of trades and stocks, because we have a specialist within the team for every scenario.<\/p>\n                                                                            <a class=\"read_more\"\n                               href=\"https:\/\/ipsafrica.org\/?stm_service=trades-stocks\" >\n                                <span>Lire plus<\/span>\n                                <i class=\"fa fa-chevron-right\"><\/i>\n                            <\/a>\n                                            <\/div>\n                <\/div>\n            <\/div>\n                    <div class=\"item\">\n                <div class=\"item_wr\">\n                                            \n                        <div class=\"item_thumbnail\">\n                            <a href=\"https:\/\/ipsafrica.org\/?stm_service=strategic-planning\">\n                                <img src='https:\/\/ipsafrica.org\/wp-content\/uploads\/2022\/01\/placeholder-255x182.gif' alt='theme_placeholder' \/>                            <\/a>\n                                                    <\/div>\n                                                            <div class=\"content\" >\n                                                    <h5><a href=\"https:\/\/ipsafrica.org\/?stm_service=strategic-planning\"  >Strategic Planning<\/a><\/h5>\n                                                                                                    <p>We work with our clients and do a deep analysis of their business. We help prepare possible outcomes to different decisions.<\/p>\n                                                                            <a class=\"read_more\"\n                               href=\"https:\/\/ipsafrica.org\/?stm_service=strategic-planning\" >\n                                <span>Lire plus<\/span>\n                                <i class=\"fa fa-chevron-right\"><\/i>\n                            <\/a>\n                                            <\/div>\n                <\/div>\n            <\/div>\n                    <div class=\"item\">\n                <div class=\"item_wr\">\n                                            \n                        <div class=\"item_thumbnail\">\n                            <a href=\"https:\/\/ipsafrica.org\/?stm_service=financial-projections-analysis\">\n                                <img src='https:\/\/ipsafrica.org\/wp-content\/uploads\/2022\/01\/placeholder-255x182.gif' alt='theme_placeholder' \/>                            <\/a>\n                                                    <\/div>\n                                                            <div class=\"content\" >\n                                                    <h5><a href=\"https:\/\/ipsafrica.org\/?stm_service=financial-projections-analysis\"  >Financial Projections<\/a><\/h5>\n                                                                                                    <p>This stops companies from taking drastic measures like downsizing or closing down sites; those things happen only with no or bad financial projections.<\/p>\n                                                                            <a class=\"read_more\"\n                               href=\"https:\/\/ipsafrica.org\/?stm_service=financial-projections-analysis\" >\n                                <span>Lire plus<\/span>\n                                <i class=\"fa fa-chevron-right\"><\/i>\n                            <\/a>\n                                            <\/div>\n                <\/div>\n            <\/div>\n            <\/div>\n\t\t<\/div>\n\t\t\t\t<\/div>\n\t\t\t\t\t<\/div>\n\t\t<\/div>\n\t\t\t\t<div class=\"elementor-column elementor-col-25 elementor-top-column elementor-element elementor-element-8392c1d elementor-hidden-tablet elementor-hidden-phone\" data-id=\"8392c1d\" data-element_type=\"column\">\n\t\t\t<div class=\"elementor-widget-wrap elementor-element-populated\">\n\t\t\t\t\t\t\t\t<div class=\"elementor-element elementor-element-83931ab elementor-widget elementor-widget-stm_sidebar\" data-id=\"83931ab\" data-element_type=\"widget\" data-widget_type=\"stm_sidebar.default\">\n\t\t\t\t<div class=\"elementor-widget-container\">\n\t\t\t\n<div class=\"stm_sidebar consulting_elementor_sidebar\">\n\n            \t\t<div data-elementor-type=\"wp-post\" data-elementor-id=\"573\" class=\"elementor elementor-573\">\n\t\t\t\t\t\t\t\t\t<section class=\"elementor-section elementor-top-section elementor-element elementor-element-45221d4 elementor-section-boxed elementor-section-height-default elementor-section-height-default\" data-id=\"45221d4\" data-element_type=\"section\">\n\t\t\t\t\t\t<div class=\"elementor-container elementor-column-gap-default\">\n\t\t\t\t\t<div class=\"elementor-column elementor-col-100 elementor-top-column elementor-element elementor-element-03802ec\" data-id=\"03802ec\" data-element_type=\"column\">\n\t\t\t<div class=\"elementor-widget-wrap elementor-element-populated\">\n\t\t\t\t\t\t\t\t<div class=\"elementor-element elementor-element-93ac83a elementor-widget elementor-widget-wp-widget-nav_menu\" data-id=\"93ac83a\" data-element_type=\"widget\" data-widget_type=\"wp-widget-nav_menu.default\">\n\t\t\t\t<div class=\"elementor-widget-container\">\n\t\t\t<aside class='widget widget_nav_menu'><div class=\"menu-sidebar-menu-2-container\"><ul id=\"menu-sidebar-menu-2\" class=\"menu\"><li id=\"menu-item-15674\" class=\"menu-item menu-item-type-post_type menu-item-object-stm_service menu-item-15674\"><a href=\"https:\/\/ipsafrica.org\/?stm_service=business-services-consulting\">Conflits et s\u00e9curit\u00e9 r\u00e9gionale<\/a><\/li>\n<li id=\"menu-item-15675\" class=\"menu-item menu-item-type-post_type menu-item-object-stm_service menu-item-15675\"><a href=\"https:\/\/ipsafrica.org\/?stm_service=bonds-commodities\">Extr\u00e9misme violent<\/a><\/li>\n<li id=\"menu-item-15676\" class=\"menu-item menu-item-type-post_type menu-item-object-stm_service menu-item-15676\"><a href=\"https:\/\/ipsafrica.org\/?stm_service=audit-assurance\">Crime organis\u00e9 et trafic<\/a><\/li>\n<li id=\"menu-item-15677\" class=\"menu-item menu-item-type-post_type menu-item-object-stm_service menu-item-15677\"><a href=\"https:\/\/ipsafrica.org\/?stm_service=trades-stocks\">S\u00e9curit\u00e9 humaine<\/a><\/li>\n<li id=\"menu-item-15678\" class=\"menu-item menu-item-type-post_type menu-item-object-stm_service menu-item-15678\"><a href=\"https:\/\/ipsafrica.org\/?stm_service=strategic-planning\">Protection civile<\/a><\/li>\n<li id=\"menu-item-15679\" class=\"menu-item menu-item-type-post_type menu-item-object-stm_service menu-item-15679\"><a href=\"https:\/\/ipsafrica.org\/?stm_service=financial-projections-analysis\">Cybers\u00e9curit\u00e9<\/a><\/li>\n<\/ul><\/div><\/aside>\t\t<\/div>\n\t\t\t\t<\/div>\n\t\t\t\t\t<\/div>\n\t\t<\/div>\n\t\t\t\t\t\t\t<\/div>\n\t\t<\/section>\n\t\t\t\t<section class=\"elementor-section elementor-top-section elementor-element elementor-element-684ecae elementor-section-boxed elementor-section-height-default elementor-section-height-default\" data-id=\"684ecae\" data-element_type=\"section\" data-settings=\"{&quot;background_background&quot;:&quot;classic&quot;}\">\n\t\t\t\t\t\t<div class=\"elementor-container elementor-column-gap-default\">\n\t\t\t\t\t<div class=\"elementor-column elementor-col-100 elementor-top-column elementor-element elementor-element-684f35d\" data-id=\"684f35d\" data-element_type=\"column\" data-settings=\"{&quot;background_background&quot;:&quot;classic&quot;}\">\n\t\t\t<div class=\"elementor-widget-wrap elementor-element-populated\">\n\t\t\t\t\t\t\t\t<div class=\"elementor-element elementor-element-684fa60 elementor-widget elementor-widget-vc_custom_heading\" data-id=\"684fa60\" data-element_type=\"widget\" data-widget_type=\"vc_custom_heading.default\">\n\t\t\t\t<div class=\"elementor-widget-container\">\n\t\t\t<div class=\" vc_custom_heading  consulting_heading_font  text_align_left title_no_stripe\" ><div style=\"font-size: 16px;color: #002E5B;text-align: left;font-weight:700\" class=\"consulting-custom-title\">How can we help you?\n<\/div><\/div>\t\t<\/div>\n\t\t\t\t<\/div>\n\t\t\t\t<div class=\"elementor-element elementor-element-684ffaf elementor-widget elementor-widget-text-editor\" data-id=\"684ffaf\" data-element_type=\"widget\" data-widget_type=\"text-editor.default\">\n\t\t\t\t<div class=\"elementor-widget-container\">\n\t\t\t<style>\/*! elementor - v3.12.1 - 02-04-2023 *\/\n.elementor-widget-text-editor.elementor-drop-cap-view-stacked .elementor-drop-cap{background-color:#69727d;color:#fff}.elementor-widget-text-editor.elementor-drop-cap-view-framed .elementor-drop-cap{color:#69727d;border:3px solid;background-color:transparent}.elementor-widget-text-editor:not(.elementor-drop-cap-view-default) .elementor-drop-cap{margin-top:8px}.elementor-widget-text-editor:not(.elementor-drop-cap-view-default) .elementor-drop-cap-letter{width:1em;height:1em}.elementor-widget-text-editor .elementor-drop-cap{float:left;text-align:center;line-height:1;font-size:50px}.elementor-widget-text-editor .elementor-drop-cap-letter{display:inline-block}<\/style>\t\t\t\t<p><span style=\"font-size: 13px; line-height: 22px; color: #002e5b;\">Contact us at the Consulting WP office nearest to you or submit a business inquiry online.<\/span><\/p>\n\t\t\t\t\t\t<\/div>\n\t\t\t\t<\/div>\n\t\t\t\t<div class=\"elementor-element elementor-element-1f1498a elementor-widget__width-auto elementor-widget elementor-widget-button\" data-id=\"1f1498a\" data-element_type=\"widget\" data-widget_type=\"button.default\">\n\t\t\t\t<div class=\"elementor-widget-container\">\n\t\t\t\t\t<div class=\"elementor-button-wrapper icon_align_left  \">\n\t\t\t<a href=\"\/contact-us\/\" class=\"elementor-button-link elementor-button elementor-size-md\" role=\"button\">\n\t\t\t\t\t\t<span class=\"elementor-button-content-wrapper\">\n\t\t\t\t\t\t\t<span class=\"elementor-button-icon elementor-align-icon-left\">\n\t\t\t\t<i aria-hidden=\"true\" class=\"fas fa-phone-square-alt\"><\/i>\t\t\t<\/span>\n\t\t\t\t\t\t<span class=\"elementor-button-text\">contacts<\/span>\n\t\t<\/span>\n\t\t\t\t\t<\/a>\n\t\t<\/div>\n\t\t\t\t<\/div>\n\t\t\t\t<\/div>\n\t\t\t\t\t<\/div>\n\t\t<\/div>\n\t\t\t\t\t\t\t<\/div>\n\t\t<\/section>\n\t\t\t\t<section class=\"elementor-section elementor-top-section elementor-element elementor-element-6851862 elementor-section-boxed elementor-section-height-default elementor-section-height-default\" data-id=\"6851862\" data-element_type=\"section\" data-settings=\"{&quot;background_background&quot;:&quot;classic&quot;}\">\n\t\t\t\t\t\t<div class=\"elementor-container elementor-column-gap-default\">\n\t\t\t\t\t<div class=\"elementor-column elementor-col-100 elementor-top-column elementor-element elementor-element-6852032\" data-id=\"6852032\" data-element_type=\"column\">\n\t\t\t<div class=\"elementor-widget-wrap elementor-element-populated\">\n\t\t\t\t\t\t\t\t<div class=\"elementor-element elementor-element-b7760ce elementor-align-left elementor-widget elementor-widget-button\" data-id=\"b7760ce\" data-element_type=\"widget\" data-widget_type=\"button.default\">\n\t\t\t\t<div class=\"elementor-widget-container\">\n\t\t\t\t\t<div class=\"elementor-button-wrapper icon_align_left  button_block\">\n\t\t\t<a href=\"#\" class=\"elementor-button-link elementor-button elementor-size-md\" role=\"button\">\n\t\t\t\t\t\t<span class=\"elementor-button-content-wrapper\">\n\t\t\t\t\t\t\t<span class=\"elementor-button-icon elementor-align-icon-left\">\n\t\t\t\t<i aria-hidden=\"true\" class=\"fa fa-file-pdf-o\"><\/i>\t\t\t<\/span>\n\t\t\t\t\t\t<span class=\"elementor-button-text\">Company presentation<\/span>\n\t\t<\/span>\n\t\t\t\t\t<\/a>\n\t\t<\/div>\n\t\t\t\t<\/div>\n\t\t\t\t<\/div>\n\t\t\t\t<div class=\"elementor-element elementor-element-6853a44 elementor-widget elementor-widget-stm_testimonials\" data-id=\"6853a44\" data-element_type=\"widget\" data-widget_type=\"stm_testimonials.default\">\n\t\t\t\t<div class=\"elementor-widget-container\">\n\t\t\t\n\n\t\t\t<div class=\"stm_testimonials consulting_elementor_testimonials style_1\">\n\t\t\t\t\t\t\t<div class=\"item\">\n\t\t\t\t\t<div class=\"testimonial\"><p>Consulting WP really helped us achieve our financial goals. The slick presentation along with fantastic readability ensures that our financial standing is stable.<\/p>\n<\/div>\n\t\t\t\t\t<div class=\"testimonial-info clearfix\">\n\t\t\t\t\t\t<div class=\"testimonial-image\"><img width=\"50\" height=\"50\" src=\"https:\/\/ipsafrica.org\/wp-content\/uploads\/2022\/01\/placeholder-50x50.gif\" class=\"attachment-consulting-image-50x50-croped size-consulting-image-50x50-croped wp-post-image\" alt=\"theme_placeholder\" decoding=\"async\" loading=\"lazy\" srcset=\"https:\/\/ipsafrica.org\/wp-content\/uploads\/2022\/01\/placeholder-50x50.gif 50w, https:\/\/ipsafrica.org\/wp-content\/uploads\/2022\/01\/placeholder-300x300.gif 300w, https:\/\/ipsafrica.org\/wp-content\/uploads\/2022\/01\/placeholder-100x100.gif 100w, https:\/\/ipsafrica.org\/wp-content\/uploads\/2022\/01\/placeholder-150x150.gif 150w, https:\/\/ipsafrica.org\/wp-content\/uploads\/2022\/01\/placeholder-320x320.gif 320w\" sizes=\"(max-width: 50px) 100vw, 50px\" \/><\/div>\n\t\t\t\t\t\t<div class=\"testimonial-text\">\n\t\t\t\t\t\t\t<div class=\"name\">Amanda Seyfried<\/div>\n\t\t\t\t\t\t\t<div class=\"company\">\n\t\t\t\t\t\t\tSales &amp; Marketing on, Guzeros Digital\t\t\t\t\t\t\t<\/div>\n\t\t\t\t\t\t<\/div>\n\t\t\t\t\t<\/div>\n\t\t\t\t<\/div>\n\t\t\t\t\t<\/div>\n\t\n\t\t\t<\/div>\n\t\t\t\t<\/div>\n\t\t\t\t\t<\/div>\n\t\t<\/div>\n\t\t\t\t\t\t\t<\/div>\n\t\t<\/section>\n\t\t\t\t\t\t\t<\/div>\n\t\t    \n<\/div>\t\t<\/div>\n\t\t\t\t<\/div>\n\t\t\t\t\t<\/div>\n\t\t<\/div>\n\t\t\t\t\t\t\t<\/div>\n\t\t<\/section>\n\t\t\t\t<section class=\"elementor-section elementor-top-section elementor-element elementor-element-3d5b35f third_bg_color elementor-section-stretched elementor-section-boxed elementor-section-height-default elementor-section-height-default\" data-id=\"3d5b35f\" data-element_type=\"section\" data-settings=\"{&quot;background_background&quot;:&quot;classic&quot;,&quot;stretch_section&quot;:&quot;section-stretched&quot;}\">\n\t\t\t\t\t\t<div class=\"elementor-container elementor-column-gap-default\">\n\t\t\t\t\t<div class=\"elementor-column elementor-col-100 elementor-top-column elementor-element elementor-element-6212eaf\" data-id=\"6212eaf\" data-element_type=\"column\">\n\t\t\t<div class=\"elementor-widget-wrap elementor-element-populated\">\n\t\t\t\t\t\t\t\t<div class=\"elementor-element elementor-element-77a1b25 elementor-widget elementor-widget-vc_cta\" data-id=\"77a1b25\" data-element_type=\"widget\" data-widget_type=\"vc_cta.default\">\n\t\t\t\t<div class=\"elementor-widget-container\">\n\t\t\t\n<div class=\"ce_cta ce_cta_2662257c371601ef71d821019b74c437 ce_text_left third_bg_color add_button_right btn_align_right btn_button_block_true btn_has_icon btn_has_icon_on_the_right\" id=\"\">\n\t<div class=\"ce_cta__content\">\n\t\t<div class=\"ce_cta__content__header\">\n\t\t\t<h2  class='ce_cta__content__title '>Looking for a First-Class Business Consultant?<\/h2>\t\t<\/div>\n\t\t\t<\/div>\n\n\t\t<div class=\"ce_cta__action\">\n\t\t<a\n\t\t\thref=\"\/contact-us\/\"\n\t\t\t\t\t\ttarget=\"_self\"\n\t\t\tclass=\"button\n\t\t\t\t\t\">\n\t\t\t<span>Contact us<\/span>\n\t\t\t\t\t\t<i class=\" stm-right-arrow\"><\/i>\n\t\t\t\t\t<\/a>\n\t<\/div>\n\t<\/div>\n\t\t<\/div>\n\t\t\t\t<\/div>\n\t\t\t\t\t<\/div>\n\t\t<\/div>\n\t\t\t\t\t\t\t<\/div>\n\t\t<\/section>\n\t\t\t\t\t\t\t<\/div>\n\t\t","protected":false},"excerpt":{"rendered":"<p>Opportunities &#038; Solutions The effort vastly improved the company\u2019s planning and execution functions, they knew that in order to succeed in this era of technology their accounting systems needed. read more Turnaround Consulting Companies dislike the term \u2018turnaround consulting\u2019 because it represents failure. The truth is that turnaround consulting represents success. read more Bonds &#038;<\/p>\n","protected":false},"author":1,"featured_media":0,"parent":0,"menu_order":0,"comment_status":"closed","ping_status":"closed","template":"","meta":[],"_links":{"self":[{"href":"https:\/\/ipsafrica.org\/index.php?rest_route=\/wp\/v2\/pages\/558"}],"collection":[{"href":"https:\/\/ipsafrica.org\/index.php?rest_route=\/wp\/v2\/pages"}],"about":[{"href":"https:\/\/ipsafrica.org\/index.php?rest_route=\/wp\/v2\/types\/page"}],"author":[{"embeddable":true,"href":"https:\/\/ipsafrica.org\/index.php?rest_route=\/wp\/v2\/users\/1"}],"replies":[{"embeddable":true,"href":"https:\/\/ipsafrica.org\/index.php?rest_route=%2Fwp%2Fv2%2Fcomments&post=558"}],"version-history":[{"count":1,"href":"https:\/\/ipsafrica.org\/index.php?rest_route=\/wp\/v2\/pages\/558\/revisions"}],"predecessor-version":[{"id":15942,"href":"https:\/\/ipsafrica.org\/index.php?rest_route=\/wp\/v2\/pages\/558\/revisions\/15942"}],"wp:attachment":[{"href":"https:\/\/ipsafrica.org\/index.php?rest_route=%2Fwp%2Fv2%2Fmedia&parent=558"}],"curies":[{"name":"wp","href":"https:\/\/api.w.org\/{rel}","templated":true}]}}