{"id":614,"date":"2016-01-19T12:44:15","date_gmt":"2016-01-19T12:44:15","guid":{"rendered":"http:\/\/demo-import.loc\/?page_id=614"},"modified":"2023-05-05T23:34:29","modified_gmt":"2023-05-05T23:34:29","slug":"projets-en-cours","status":"publish","type":"page","link":"https:\/\/ipsafrica.org\/?page_id=614","title":{"rendered":"Projets en cours"},"content":{"rendered":"\t\t<div data-elementor-type=\"wp-page\" data-elementor-id=\"614\" class=\"elementor elementor-614\">\n\t\t\t\t\t\t\t\t\t<section class=\"elementor-section elementor-top-section elementor-element elementor-element-4d5d8d5 elementor-section-height-min-height elementor-section-items-top elementor-section-boxed elementor-section-height-default\" data-id=\"4d5d8d5\" data-element_type=\"section\" data-settings=\"{&quot;background_background&quot;:&quot;classic&quot;}\">\n\t\t\t\t\t\t<div class=\"elementor-container elementor-column-gap-default\">\n\t\t\t\t\t<div class=\"elementor-column elementor-col-100 elementor-top-column elementor-element elementor-element-4d5e12d\" data-id=\"4d5e12d\" data-element_type=\"column\">\n\t\t\t<div class=\"elementor-widget-wrap elementor-element-populated\">\n\t\t\t\t\t\t\t\t<div class=\"elementor-element elementor-element-4d5e7e8 elementor-widget elementor-widget-stm_works\" data-id=\"4d5e7e8\" data-element_type=\"widget\" data-widget_type=\"stm_works.default\">\n\t\t\t\t<div class=\"elementor-widget-container\">\n\t\t\t\n    <div id=\"stm_works_69ee1eb30393e\" class=\"stm_works_wr consulting_elementor_works cols_3 grid_with_filter style_1\">\n                    <ul class=\"works_filter\">\n                <li class=\"active\"><a href=\"#all\">Tout<\/a><\/li>\n                                    <li>\n                        <a href=\"#conflits-et-securite-regionale\">Conflits et s\u00e9curit\u00e9 r\u00e9gionale<\/a>\n                    <\/li>\n                                    <li>\n                        <a href=\"#cybersecurite\">Cybers\u00e9curit\u00e9<\/a>\n                    <\/li>\n                                    <li>\n                        <a href=\"#extremisme-violent\">Extr\u00e9misme violent<\/a>\n                    <\/li>\n                                    <li>\n                        <a href=\"#securite-de-proximite\">S\u00e9curit\u00e9 de proximit\u00e9<\/a>\n                    <\/li>\n                                    <li>\n                        <a href=\"#securite-humaine\">S\u00e9curit\u00e9 humaine<\/a>\n                    <\/li>\n                            <\/ul>\n            <div class=\"stm_works\">\n                                                        <div class=\"item all conflits-et-securite-regionale\">\n\n                        <div class=\"image\">\n                                                        <a href=\"https:\/\/ipsafrica.org\/?stm_works=constructing-a-best-in-class-global\"><img src='https:\/\/ipsafrica.org\/wp-content\/uploads\/2022\/01\/placeholder.gif' alt='theme_placeholder' \/><\/a>\n                        <\/div>\n                        <div class=\"info\">\n                                                            <div class=\"category\">\n                                    <a href=\"#conflits-et-securite-regionale\">\n                                        <span>Conflits et s\u00e9curit\u00e9 r\u00e9gionale<\/span>\n                                        <i class=\"fa fa-chevron-right\"><\/i>\n                                    <\/a>\n                                <\/div>\n                                                        <div class=\"title\"><a\n                                        href=\"https:\/\/ipsafrica.org\/?stm_works=constructing-a-best-in-class-global\">Constructing the best-in-class global assets<\/a>\n                            <\/div>\n                        <\/div>\n\n\n                    <\/div>\n                                                        <div class=\"item all securite-de-proximite\">\n\n                        <div class=\"image\">\n                                                        <a href=\"https:\/\/ipsafrica.org\/?stm_works=focus-on-core-delivers-growth-for-retailer-2\"><img src='https:\/\/ipsafrica.org\/wp-content\/uploads\/2022\/01\/placeholder.gif' alt='theme_placeholder' \/><\/a>\n                        <\/div>\n                        <div class=\"info\">\n                                                            <div class=\"category\">\n                                    <a href=\"#securite-de-proximite\">\n                                        <span>S\u00e9curit\u00e9 de proximit\u00e9<\/span>\n                                        <i class=\"fa fa-chevron-right\"><\/i>\n                                    <\/a>\n                                <\/div>\n                                                        <div class=\"title\"><a\n                                        href=\"https:\/\/ipsafrica.org\/?stm_works=focus-on-core-delivers-growth-for-retailer-2\">Focus on core delivers growth for retailer trading<\/a>\n                            <\/div>\n                        <\/div>\n\n\n                    <\/div>\n                                                        <div class=\"item all conflits-et-securite-regionale\">\n\n                        <div class=\"image\">\n                                                        <a href=\"https:\/\/ipsafrica.org\/?stm_works=transformation-sparks-financial-leaders-turnaround-2\"><img src='https:\/\/ipsafrica.org\/wp-content\/uploads\/2022\/01\/placeholder.gif' alt='theme_placeholder' \/><\/a>\n                        <\/div>\n                        <div class=\"info\">\n                                                            <div class=\"category\">\n                                    <a href=\"#conflits-et-securite-regionale\">\n                                        <span>Conflits et s\u00e9curit\u00e9 r\u00e9gionale<\/span>\n                                        <i class=\"fa fa-chevron-right\"><\/i>\n                                    <\/a>\n                                <\/div>\n                                                        <div class=\"title\"><a\n                                        href=\"https:\/\/ipsafrica.org\/?stm_works=transformation-sparks-financial-leaders-turnaround-2\">Transformation sparks financial income for all<\/a>\n                            <\/div>\n                        <\/div>\n\n\n                    <\/div>\n                                                        <div class=\"item all cybersecurite\">\n\n                        <div class=\"image\">\n                                                        <a href=\"https:\/\/ipsafrica.org\/?stm_works=leading-consumer-products-companies\"><img src='https:\/\/ipsafrica.org\/wp-content\/uploads\/2022\/01\/placeholder.gif' alt='theme_placeholder' \/><\/a>\n                        <\/div>\n                        <div class=\"info\">\n                                                            <div class=\"category\">\n                                    <a href=\"#cybersecurite\">\n                                        <span>Cybers\u00e9curit\u00e9<\/span>\n                                        <i class=\"fa fa-chevron-right\"><\/i>\n                                    <\/a>\n                                <\/div>\n                                                        <div class=\"title\"><a\n                                        href=\"https:\/\/ipsafrica.org\/?stm_works=leading-consumer-products-companies\">Leading consumer products companies<\/a>\n                            <\/div>\n                        <\/div>\n\n\n                    <\/div>\n                                                        <div class=\"item all securite-humaine\">\n\n                        <div class=\"image\">\n                                                        <a href=\"https:\/\/ipsafrica.org\/?stm_works=bain-helps-transportation-companies\"><img src='https:\/\/ipsafrica.org\/wp-content\/uploads\/2022\/01\/placeholder.gif' alt='theme_placeholder' \/><\/a>\n                        <\/div>\n                        <div class=\"info\">\n                                                            <div class=\"category\">\n                                    <a href=\"#securite-humaine\">\n                                        <span>S\u00e9curit\u00e9 humaine<\/span>\n                                        <i class=\"fa fa-chevron-right\"><\/i>\n                                    <\/a>\n                                <\/div>\n                                                        <div class=\"title\"><a\n                                        href=\"https:\/\/ipsafrica.org\/?stm_works=bain-helps-transportation-companies\">Bain helps transportation &#038; logistics companies<\/a>\n                            <\/div>\n                        <\/div>\n\n\n                    <\/div>\n                                                        <div class=\"item all extremisme-violent\">\n\n                        <div class=\"image\">\n                                                        <a href=\"https:\/\/ipsafrica.org\/?stm_works=developing-a-strategy-and-roadmap\"><img src='https:\/\/ipsafrica.org\/wp-content\/uploads\/2022\/01\/placeholder.gif' alt='theme_placeholder' \/><\/a>\n                        <\/div>\n                        <div class=\"info\">\n                                                            <div class=\"category\">\n                                    <a href=\"#extremisme-violent\">\n                                        <span>Extr\u00e9misme violent<\/span>\n                                        <i class=\"fa fa-chevron-right\"><\/i>\n                                    <\/a>\n                                <\/div>\n                                                        <div class=\"title\"><a\n                                        href=\"https:\/\/ipsafrica.org\/?stm_works=developing-a-strategy-and-roadmap\">Developing a strategy and roadmap for clients<\/a>\n                            <\/div>\n                        <\/div>\n\n\n                    <\/div>\n                                                        <div class=\"item all securite-humaine\">\n\n                        <div class=\"image\">\n                                                        <a href=\"https:\/\/ipsafrica.org\/?stm_works=applying-commercial-excellence-in-chemicals\"><img src='https:\/\/ipsafrica.org\/wp-content\/uploads\/2022\/01\/placeholder.gif' alt='theme_placeholder' \/><\/a>\n                        <\/div>\n                        <div class=\"info\">\n                                                            <div class=\"category\">\n                                    <a href=\"#securite-humaine\">\n                                        <span>S\u00e9curit\u00e9 humaine<\/span>\n                                        <i class=\"fa fa-chevron-right\"><\/i>\n                                    <\/a>\n                                <\/div>\n                                                        <div class=\"title\"><a\n                                        href=\"https:\/\/ipsafrica.org\/?stm_works=applying-commercial-excellence-in-chemicals\">Demand as transportation services as commerce<\/a>\n                            <\/div>\n                        <\/div>\n\n\n                    <\/div>\n                            <\/div>\n\n\n        \n        <script type=\"text\/javascript\">\n            jQuery(document).ready(function ($) {\n                var $container = $(\"#stm_works_69ee1eb30393e .stm_works\");\n                var originLeft = true;\n                if ($('body').hasClass('rtl')) {\n                    originLeft = false;\n                }\n                $container.isotope({\n                    layoutMode: 'fitRows',\n                    itemSelector: '.item',\n                    transitionDuration: '0.7s',\n                    isOriginLeft: originLeft,\n                                    });\n                $container.imagesLoaded().progress(function () {\n                    $container.isotope('layout');\n                });\n                $container.isotope('layout');\n                $('#stm_works_69ee1eb30393e .works_filter a').on('click', function () {\n                    var i = 0;\n                    if (!$(this).hasClass(\"stm_works_grid_switcher\")) {\n\n                        $(this).closest('ul').find('li.active').removeClass('active');\n                        $(this).parent().addClass('active');\n                        var sort = $(this).attr('href');\n                        sort = sort.substring(1);\n                                                $container.isotope({\n                            filter: '.' + sort\n                        });\n                                                return false;\n                    }\n                });\n                $(document).on('click', '.stm_works_grid_switcher', function () {\n                    $(this).toggleClass('active');\n                    var $container_wrapper = $(this).closest('.stm_works_wr');\n                    if ($('body').hasClass('boxed_layout')) {\n                        $container_wrapper.toggleClass('wide');\n                    } else {\n                        $container_wrapper.toggleClass('wide container');\n                    }\n                    \/\/$container_wrapper.find('.stm_works_grid_switcher').closest('.works_filter').toggleClass('container');\n                    $container.isotope('layout');\n                    $container.closest('.stm_works').animate({'height': $container.height() + $('#stm_works_stm_works_69ee1eb30393e .stm_works').height()}, 300);\n                    return false;\n                });\n                $('#stm_works_69ee1eb30393e .item .category a').on('click', function () {\n                    if (!$(this).hasClass(\"stm_works_grid_switcher\")) {\n                        var sort = $(this).attr('href');\n                        sort = sort.substring(1);\n                        $('#stm_works_69ee1eb30393e .works_filter li.active').removeClass('active');\n                        $('#stm_works_69ee1eb30393e .works_filter li a[href=\"#' + sort + '\"]').closest('li').addClass('active');\n                        $container.isotope({\n                            filter: '.' + sort\n                        });\n                        return false;\n                    }\n                });\n            });\n        <\/script>\n            <\/div>\n\n\n\t\t<\/div>\n\t\t\t\t<\/div>\n\t\t\t\t\t<\/div>\n\t\t<\/div>\n\t\t\t\t\t\t\t<\/div>\n\t\t<\/section>\n\t\t\t\t<section class=\"elementor-section elementor-top-section elementor-element elementor-element-e33c493 third_bg_color elementor-section-stretched elementor-section-boxed elementor-section-height-default elementor-section-height-default\" data-id=\"e33c493\" data-element_type=\"section\" data-settings=\"{&quot;background_background&quot;:&quot;classic&quot;,&quot;stretch_section&quot;:&quot;section-stretched&quot;}\">\n\t\t\t\t\t\t<div class=\"elementor-container elementor-column-gap-default\">\n\t\t\t\t\t<div class=\"elementor-column elementor-col-100 elementor-top-column elementor-element elementor-element-53ae3b4\" data-id=\"53ae3b4\" data-element_type=\"column\">\n\t\t\t<div class=\"elementor-widget-wrap elementor-element-populated\">\n\t\t\t\t\t\t\t\t<div class=\"elementor-element elementor-element-52ad6bc elementor-widget elementor-widget-vc_cta\" data-id=\"52ad6bc\" data-element_type=\"widget\" data-widget_type=\"vc_cta.default\">\n\t\t\t\t<div class=\"elementor-widget-container\">\n\t\t\t\n<div class=\"ce_cta ce_cta_1935c09b073d6f8d4e21d26c86827ca6 ce_text_left third_bg_color add_button_right btn_align_right btn_button_block_true btn_has_icon btn_has_icon_on_the_right\" id=\"\">\n\t<div class=\"ce_cta__content\">\n\t\t<div class=\"ce_cta__content__header\">\n\t\t\t<h2  class='ce_cta__content__title '>Rapprocher les chercheurs, les d\u00e9cideurs et les populations pour discuter de la gouvernance, de la paix et de la s\u00e9curit\u00e9 <\/h2>\t\t<\/div>\n\t\t\t<\/div>\n\n\t\t<div class=\"ce_cta__action\">\n\t\t<a\n\t\t\thref=\"\/contact-us\/\"\n\t\t\t\t\t\ttarget=\"_self\"\n\t\t\tclass=\"button\n\t\t\t\t\t\">\n\t\t\t<span>Contact us<\/span>\n\t\t\t\t\t\t<i class=\" stm-right-arrow\"><\/i>\n\t\t\t\t\t<\/a>\n\t<\/div>\n\t<\/div>\n\t\t<\/div>\n\t\t\t\t<\/div>\n\t\t\t\t\t<\/div>\n\t\t<\/div>\n\t\t\t\t\t\t\t<\/div>\n\t\t<\/section>\n\t\t\t\t\t\t\t<\/div>\n\t\t","protected":false},"excerpt":{"rendered":"<p>Tout Conflits et s\u00e9curit\u00e9 r\u00e9gionale Cybers\u00e9curit\u00e9 Extr\u00e9misme violent S\u00e9curit\u00e9 de proximit\u00e9 S\u00e9curit\u00e9 humaine Conflits et s\u00e9curit\u00e9 r\u00e9gionale Constructing the best-in-class global assets S\u00e9curit\u00e9 de proximit\u00e9 Focus on core delivers growth for retailer trading Conflits et s\u00e9curit\u00e9 r\u00e9gionale Transformation sparks financial income for all Cybers\u00e9curit\u00e9 Leading consumer products companies S\u00e9curit\u00e9 humaine Bain helps transportation &#038; logistics<\/p>\n","protected":false},"author":1,"featured_media":0,"parent":0,"menu_order":0,"comment_status":"closed","ping_status":"closed","template":"","meta":[],"_links":{"self":[{"href":"https:\/\/ipsafrica.org\/index.php?rest_route=\/wp\/v2\/pages\/614"}],"collection":[{"href":"https:\/\/ipsafrica.org\/index.php?rest_route=\/wp\/v2\/pages"}],"about":[{"href":"https:\/\/ipsafrica.org\/index.php?rest_route=\/wp\/v2\/types\/page"}],"author":[{"embeddable":true,"href":"https:\/\/ipsafrica.org\/index.php?rest_route=\/wp\/v2\/users\/1"}],"replies":[{"embeddable":true,"href":"https:\/\/ipsafrica.org\/index.php?rest_route=%2Fwp%2Fv2%2Fcomments&post=614"}],"version-history":[{"count":7,"href":"https:\/\/ipsafrica.org\/index.php?rest_route=\/wp\/v2\/pages\/614\/revisions"}],"predecessor-version":[{"id":15941,"href":"https:\/\/ipsafrica.org\/index.php?rest_route=\/wp\/v2\/pages\/614\/revisions\/15941"}],"wp:attachment":[{"href":"https:\/\/ipsafrica.org\/index.php?rest_route=%2Fwp%2Fv2%2Fmedia&parent=614"}],"curies":[{"name":"wp","href":"https:\/\/api.w.org\/{rel}","templated":true}]}}