{"id":6878,"date":"2020-09-04T10:53:25","date_gmt":"2020-09-04T10:53:25","guid":{"rendered":"http:\/\/demo-import.loc\/?page_id=6878"},"modified":"2020-09-04T10:53:25","modified_gmt":"2020-09-04T10:53:25","slug":"portfolio-masonry","status":"publish","type":"page","link":"https:\/\/ipsafrica.org\/?page_id=6878","title":{"rendered":"Portfolio Masonry"},"content":{"rendered":"\t\t<div data-elementor-type=\"wp-page\" data-elementor-id=\"6878\" class=\"elementor elementor-6878\">\n\t\t\t\t\t\t\t\t\t<section class=\"elementor-section elementor-top-section elementor-element elementor-element-91aba82 elementor-section-boxed elementor-section-height-default elementor-section-height-default\" data-id=\"91aba82\" data-element_type=\"section\">\n\t\t\t\t\t\t<div class=\"elementor-container elementor-column-gap-default\">\n\t\t\t\t\t<div class=\"elementor-column elementor-col-100 elementor-top-column elementor-element elementor-element-91ac200\" data-id=\"91ac200\" data-element_type=\"column\">\n\t\t\t<div class=\"elementor-widget-wrap elementor-element-populated\">\n\t\t\t\t\t\t\t\t<div class=\"elementor-element elementor-element-91ac7a2 elementor-widget elementor-widget-stm_portfolio\" data-id=\"91ac7a2\" data-element_type=\"widget\" data-widget_type=\"stm_portfolio.default\">\n\t\t\t\t<div class=\"elementor-widget-container\">\n\t\t\t\t\t\t<div class=\"consulting_portfolio_box\">\n\t\t\t\t\t\t\t\t<div class=\"consulting_portfolio_grid consulting_elementor_portfolio style_3 hover_zoom column-3\">\n\t\t\t\t\t<div class=\"portfolio_item all financial-services\">\n\n\t<a href=\"https:\/\/ipsafrica.org\/?stm_portfolio=business-planning-strategy-execution\" class=\"portfolio_link\">\n\t\t<span class=\"portfolio_item_thumbnail\">\n\t\t\t<img src='https:\/\/ipsafrica.org\/wp-content\/uploads\/2022\/01\/placeholder-1024x683.gif' alt='theme_placeholder' \/>\t\t<\/span>\n\n\t\t<span class=\"portfolio_info\">\n\t\t\tConflits et s\u00e9curit\u00e9 r\u00e9gionale\t\t\t\t<span class=\"portfolio_category\">Financial Services<\/span>\n\t\t\t\t\t<\/span>\n\t<\/a>\n<\/div>\n<div class=\"portfolio_item all financial-services\">\n\n\t<a href=\"https:\/\/ipsafrica.org\/?stm_portfolio=beff-baffer-construction\" class=\"portfolio_link\">\n\t\t<span class=\"portfolio_item_thumbnail\">\n\t\t\t<img src='https:\/\/ipsafrica.org\/wp-content\/uploads\/2022\/01\/placeholder-1024x683.gif' alt='theme_placeholder' \/>\t\t<\/span>\n\n\t\t<span class=\"portfolio_info\">\n\t\t\tBeff Baffer Construction\t\t\t\t<span class=\"portfolio_category\">Financial Services<\/span>\n\t\t\t\t\t<\/span>\n\t<\/a>\n<\/div>\n<div class=\"portfolio_item all surface-transport-logistics\">\n\n\t<a href=\"https:\/\/ipsafrica.org\/?stm_portfolio=focus-on-core-delivers-growth-for-retailer\" class=\"portfolio_link\">\n\t\t<span class=\"portfolio_item_thumbnail\">\n\t\t\t<img src='https:\/\/ipsafrica.org\/wp-content\/uploads\/2022\/01\/placeholder-1024x683.gif' alt='theme_placeholder' \/>\t\t<\/span>\n\n\t\t<span class=\"portfolio_info\">\n\t\t\tFocus on core delivers growth for retailer\t\t\t\t<span class=\"portfolio_category\">Surface Transport &amp; Logistics<\/span>\n\t\t\t\t\t<\/span>\n\t<\/a>\n<\/div>\n<div class=\"portfolio_item all financial-services\">\n\n\t<a href=\"https:\/\/ipsafrica.org\/?stm_portfolio=omnichannel-strategy-boosts-fashion-company\" class=\"portfolio_link\">\n\t\t<span class=\"portfolio_item_thumbnail\">\n\t\t\t<img src='https:\/\/ipsafrica.org\/wp-content\/uploads\/2022\/01\/placeholder-1024x683.gif' alt='theme_placeholder' \/>\t\t<\/span>\n\n\t\t<span class=\"portfolio_info\">\n\t\t\tOmnichannel strategy boosts fashion company\t\t\t\t<span class=\"portfolio_category\">Financial Services<\/span>\n\t\t\t\t\t<\/span>\n\t<\/a>\n<\/div>\n<div class=\"portfolio_item all advanced-analytics\">\n\n\t<a href=\"https:\/\/ipsafrica.org\/?stm_portfolio=construction-of-railways\" class=\"portfolio_link\">\n\t\t<span class=\"portfolio_item_thumbnail\">\n\t\t\t<img src='https:\/\/ipsafrica.org\/wp-content\/uploads\/2022\/01\/placeholder-1024x683.gif' alt='theme_placeholder' \/>\t\t<\/span>\n\n\t\t<span class=\"portfolio_info\">\n\t\t\tConstruction of railways\t\t\t\t<span class=\"portfolio_category\">Advanced Analytics<\/span>\n\t\t\t\t\t<\/span>\n\t<\/a>\n<\/div>\n<div class=\"portfolio_item all surface-transport-logistics\">\n\n\t<a href=\"https:\/\/ipsafrica.org\/?stm_portfolio=negotiations-with-partners\" class=\"portfolio_link\">\n\t\t<span class=\"portfolio_item_thumbnail\">\n\t\t\t<img src='https:\/\/ipsafrica.org\/wp-content\/uploads\/2022\/01\/placeholder-1024x683.gif' alt='theme_placeholder' \/>\t\t<\/span>\n\n\t\t<span class=\"portfolio_info\">\n\t\t\tNegotiations with partners\t\t\t\t<span class=\"portfolio_category\">Surface Transport &amp; Logistics<\/span>\n\t\t\t\t\t<\/span>\n\t<\/a>\n<\/div>\n<div class=\"portfolio_item all advanced-analytics\">\n\n\t<a href=\"https:\/\/ipsafrica.org\/?stm_portfolio=volker-stevin-construction\" class=\"portfolio_link\">\n\t\t<span class=\"portfolio_item_thumbnail\">\n\t\t\t<img src='https:\/\/ipsafrica.org\/wp-content\/uploads\/2022\/01\/placeholder-1024x683.gif' alt='theme_placeholder' \/>\t\t<\/span>\n\n\t\t<span class=\"portfolio_info\">\n\t\t\tVolker Stevin Construction\t\t\t\t<span class=\"portfolio_category\">Advanced Analytics<\/span>\n\t\t\t\t\t<\/span>\n\t<\/a>\n<\/div>\n<div class=\"portfolio_item all financial-services\">\n\n\t<a href=\"https:\/\/ipsafrica.org\/?stm_portfolio=construction-of-new-buildings\" class=\"portfolio_link\">\n\t\t<span class=\"portfolio_item_thumbnail\">\n\t\t\t<img src='https:\/\/ipsafrica.org\/wp-content\/uploads\/2022\/01\/placeholder-1024x683.gif' alt='theme_placeholder' \/>\t\t<\/span>\n\n\t\t<span class=\"portfolio_info\">\n\t\t\tConstruction of new buildings\t\t\t\t<span class=\"portfolio_category\">Financial Services<\/span>\n\t\t\t\t\t<\/span>\n\t<\/a>\n<\/div>\n<div class=\"portfolio_item all surface-transport-logistics\">\n\n\t<a href=\"https:\/\/ipsafrica.org\/?stm_portfolio=construction-of-a-new-plant\" class=\"portfolio_link\">\n\t\t<span class=\"portfolio_item_thumbnail\">\n\t\t\t<img src='https:\/\/ipsafrica.org\/wp-content\/uploads\/2022\/01\/placeholder-1024x683.gif' alt='theme_placeholder' \/>\t\t<\/span>\n\n\t\t<span class=\"portfolio_info\">\n\t\t\tConstruction of a new plant\t\t\t\t<span class=\"portfolio_category\">Surface Transport &amp; Logistics<\/span>\n\t\t\t\t\t<\/span>\n\t<\/a>\n<\/div>\n\t\t\t\t<\/div>\n\t\t\t\t\t\t\t<\/div>\n\t\t\t\t\t<\/div>\n\t\t\t\t<\/div>\n\t\t\t\t\t<\/div>\n\t\t<\/div>\n\t\t\t\t\t\t\t<\/div>\n\t\t<\/section>\n\t\t\t\t\t\t\t<\/div>\n\t\t","protected":false},"excerpt":{"rendered":"<p>Business Planning, Strategy &#038; Execution Financial Services Beff Baffer Construction Financial Services Focus on core delivers growth for retailer Surface Transport &amp; Logistics Omnichannel strategy boosts fashion company Financial Services Construction of railways Advanced Analytics Negotiations with partners Surface Transport &amp; Logistics Volker Stevin Construction Advanced Analytics Construction of new buildings Financial Services Construction of<\/p>\n","protected":false},"author":1,"featured_media":0,"parent":0,"menu_order":0,"comment_status":"closed","ping_status":"closed","template":"","meta":[],"_links":{"self":[{"href":"https:\/\/ipsafrica.org\/index.php?rest_route=\/wp\/v2\/pages\/6878"}],"collection":[{"href":"https:\/\/ipsafrica.org\/index.php?rest_route=\/wp\/v2\/pages"}],"about":[{"href":"https:\/\/ipsafrica.org\/index.php?rest_route=\/wp\/v2\/types\/page"}],"author":[{"embeddable":true,"href":"https:\/\/ipsafrica.org\/index.php?rest_route=\/wp\/v2\/users\/1"}],"replies":[{"embeddable":true,"href":"https:\/\/ipsafrica.org\/index.php?rest_route=%2Fwp%2Fv2%2Fcomments&post=6878"}],"version-history":[{"count":0,"href":"https:\/\/ipsafrica.org\/index.php?rest_route=\/wp\/v2\/pages\/6878\/revisions"}],"wp:attachment":[{"href":"https:\/\/ipsafrica.org\/index.php?rest_route=%2Fwp%2Fv2%2Fmedia&parent=6878"}],"curies":[{"name":"wp","href":"https:\/\/api.w.org\/{rel}","templated":true}]}}